{"id":38232,"date":"2024-09-08T21:12:37","date_gmt":"2024-09-09T01:12:37","guid":{"rendered":"https:\/\/myla-bella.com\/consigue-cuidados-capilares-con-la-financiacion-de-medicard\/"},"modified":"2024-10-11T22:24:43","modified_gmt":"2024-10-12T02:24:43","slug":"cuidado-del-cabello-medicard","status":"publish","type":"page","link":"https:\/\/myla-bella.com\/es\/cuidado-del-cabello-medicard","title":{"rendered":"Consigue cuidados capilares con la financiaci\u00f3n de Medicard"},"content":{"rendered":"\t\t<div data-elementor-type=\"wp-page\" data-elementor-id=\"38232\" class=\"elementor elementor-38232 elementor-37395\" data-elementor-post-type=\"page\">\n\t\t\t\t\t\t<section class=\"elementor-section elementor-top-section elementor-element elementor-element-cc6d733 elementor-section-full_width elementor-section-height-default elementor-section-height-default\" data-id=\"cc6d733\" data-element_type=\"section\" data-e-type=\"section\">\n\t\t\t\t\t\t<div class=\"elementor-container elementor-column-gap-default\">\n\t\t\t\t\t<div class=\"elementor-column elementor-col-100 elementor-top-column elementor-element elementor-element-4650ede\" data-id=\"4650ede\" data-element_type=\"column\" data-e-type=\"column\">\n\t\t\t<div class=\"elementor-widget-wrap elementor-element-populated\">\n\t\t\t\t\t\t<div class=\"elementor-element elementor-element-56c6421 elementor-widget elementor-widget-image\" data-id=\"56c6421\" data-element_type=\"widget\" data-e-type=\"widget\" data-widget_type=\"image.default\">\n\t\t\t\t<div class=\"elementor-widget-container\">\n\t\t\t\t\t\t\t\t\t\t\t\t\t\t\t<img fetchpriority=\"high\" decoding=\"async\" width=\"1920\" height=\"1280\" src=\"https:\/\/myla-bella.com\/wp-content\/uploads\/2024\/09\/Obtenez-des-Soins-Capillaires-avec-Financement-Medicard.jpg\" class=\"attachment-2048x2048 size-2048x2048 wp-image-37424\" alt=\"\" srcset=\"https:\/\/myla-bella.com\/wp-content\/uploads\/2024\/09\/Obtenez-des-Soins-Capillaires-avec-Financement-Medicard.jpg 1920w, https:\/\/myla-bella.com\/wp-content\/uploads\/2024\/09\/Obtenez-des-Soins-Capillaires-avec-Financement-Medicard-300x200.jpg 300w, https:\/\/myla-bella.com\/wp-content\/uploads\/2024\/09\/Obtenez-des-Soins-Capillaires-avec-Financement-Medicard-1024x683.jpg 1024w, https:\/\/myla-bella.com\/wp-content\/uploads\/2024\/09\/Obtenez-des-Soins-Capillaires-avec-Financement-Medicard-768x512.jpg 768w, https:\/\/myla-bella.com\/wp-content\/uploads\/2024\/09\/Obtenez-des-Soins-Capillaires-avec-Financement-Medicard-1536x1024.jpg 1536w\" sizes=\"(max-width: 1920px) 100vw, 1920px\">\t\t\t\t\t\t\t\t\t\t\t\t\t\t\t<\/div>\n\t\t\t\t<\/div>\n\t\t\t\t\t<\/div>\n\t\t<\/div>\n\t\t\t\t\t<\/div>\n\t\t<\/section>\n\t\t\t\t<section class=\"elementor-section elementor-top-section elementor-element elementor-element-fab48bb elementor-section-boxed elementor-section-height-default elementor-section-height-default\" data-id=\"fab48bb\" data-element_type=\"section\" data-e-type=\"section\">\n\t\t\t\t\t\t<div class=\"elementor-container elementor-column-gap-default\">\n\t\t\t\t\t<div class=\"elementor-column elementor-col-100 elementor-top-column elementor-element elementor-element-828b9e2\" data-id=\"828b9e2\" data-element_type=\"column\" data-e-type=\"column\">\n\t\t\t<div class=\"elementor-widget-wrap elementor-element-populated\">\n\t\t\t\t\t\t<div class=\"elementor-element elementor-element-f6e57d1 elementor-widget elementor-widget-spacer\" data-id=\"f6e57d1\" data-element_type=\"widget\" data-e-type=\"widget\" data-widget_type=\"spacer.default\">\n\t\t\t\t<div class=\"elementor-widget-container\">\n\t\t\t\t\t\t\t<div class=\"elementor-spacer\">\n\t\t\t<div class=\"elementor-spacer-inner\"><\/div>\n\t\t<\/div>\n\t\t\t\t\t\t<\/div>\n\t\t\t\t<\/div>\n\t\t\t\t<div class=\"elementor-element elementor-element-b330858 elementor-widget elementor-widget-heading\" data-id=\"b330858\" data-element_type=\"widget\" data-e-type=\"widget\" data-widget_type=\"heading.default\">\n\t\t\t\t<div class=\"elementor-widget-container\">\n\t\t\t\t\t<h1 class=\"elementor-heading-title elementor-size-default\">Consigue cuidados capilares con la financiaci\u00f3n de Medicard<\/h1>\t\t\t\t<\/div>\n\t\t\t\t<\/div>\n\t\t\t\t<div class=\"elementor-element elementor-element-c94d652 elementor-widget elementor-widget-spacer\" data-id=\"c94d652\" data-element_type=\"widget\" data-e-type=\"widget\" data-widget_type=\"spacer.default\">\n\t\t\t\t<div class=\"elementor-widget-container\">\n\t\t\t\t\t\t\t<div class=\"elementor-spacer\">\n\t\t\t<div class=\"elementor-spacer-inner\"><\/div>\n\t\t<\/div>\n\t\t\t\t\t\t<\/div>\n\t\t\t\t<\/div>\n\t\t\t\t\t<\/div>\n\t\t<\/div>\n\t\t\t\t\t<\/div>\n\t\t<\/section>\n\t\t\t\t<section class=\"elementor-section elementor-top-section elementor-element elementor-element-7315dd7 elementor-section-boxed elementor-section-height-default elementor-section-height-default\" data-id=\"7315dd7\" data-element_type=\"section\" data-e-type=\"section\">\n\t\t\t\t\t\t<div class=\"elementor-container elementor-column-gap-default\">\n\t\t\t\t\t<div class=\"elementor-column elementor-col-100 elementor-top-column elementor-element elementor-element-9005695\" data-id=\"9005695\" data-element_type=\"column\" data-e-type=\"column\">\n\t\t\t<div class=\"elementor-widget-wrap elementor-element-populated\">\n\t\t\t\t\t\t<div class=\"elementor-element elementor-element-7aec80a elementor-widget elementor-widget-image\" data-id=\"7aec80a\" data-element_type=\"widget\" data-e-type=\"widget\" data-widget_type=\"image.default\">\n\t\t\t\t<div class=\"elementor-widget-container\">\n\t\t\t\t\t\t\t\t\t\t\t\t\t\t\t\t<a href=\"https:\/\/apply.medicard.com\/\" target=\"_blank\" rel=\"nofollow noopener\">\n\t\t\t\t\t\t\t<img decoding=\"async\" width=\"1024\" height=\"350\" src=\"https:\/\/myla-bella.com\/wp-content\/uploads\/2024\/09\/financement-canadien-avec-medicard-1-1024x350.jpg\" class=\"attachment-large size-large wp-image-37482\" alt=\"\" srcset=\"https:\/\/myla-bella.com\/wp-content\/uploads\/2024\/09\/financement-canadien-avec-medicard-1-1024x350.jpg 1024w, https:\/\/myla-bella.com\/wp-content\/uploads\/2024\/09\/financement-canadien-avec-medicard-1-300x103.jpg 300w, https:\/\/myla-bella.com\/wp-content\/uploads\/2024\/09\/financement-canadien-avec-medicard-1-768x263.jpg 768w, https:\/\/myla-bella.com\/wp-content\/uploads\/2024\/09\/financement-canadien-avec-medicard-1.jpg 1280w\" sizes=\"(max-width: 1024px) 100vw, 1024px\">\t\t\t\t\t\t\t\t<\/a>\n\t\t\t\t\t\t\t\t\t\t\t\t\t\t\t<\/div>\n\t\t\t\t<\/div>\n\t\t\t\t<div class=\"elementor-element elementor-element-cbb0dc9 elementor-widget elementor-widget-spacer\" data-id=\"cbb0dc9\" data-element_type=\"widget\" data-e-type=\"widget\" data-widget_type=\"spacer.default\">\n\t\t\t\t<div class=\"elementor-widget-container\">\n\t\t\t\t\t\t\t<div class=\"elementor-spacer\">\n\t\t\t<div class=\"elementor-spacer-inner\"><\/div>\n\t\t<\/div>\n\t\t\t\t\t\t<\/div>\n\t\t\t\t<\/div>\n\t\t\t\t<div class=\"elementor-element elementor-element-160ceec elementor-widget elementor-widget-text-editor\" data-id=\"160ceec\" data-element_type=\"widget\" data-e-type=\"widget\" data-widget_type=\"text-editor.default\">\n\t\t\t\t<div class=\"elementor-widget-container\">\n\t\t\t\t\t\t\t\t\t<p>Entendemos que la ca\u00edda del cabello puede ser una gran preocupaci\u00f3n para muchas personas. Creemos que todo el mundo merece tener acceso a soluciones capilares de calidad sin verse limitado por restricciones econ\u00f3micas. <\/p>\n<p><strong>Por eso nos hemos asociado con Medicard<\/strong>, una empresa canadiense de confianza, para ofrecerte opciones de financiaci\u00f3n flexibles y adaptadas a tus necesidades.<\/p>\n<h2>\u00bfQui\u00e9n es Medicard?<\/h2>\n<p>Medicard es un proveedor l\u00edder de financiaci\u00f3n m\u00e9dica en Canad\u00e1, que te permite distribuir el coste de tus tratamientos capilares en asequibles pagos mensuales. Al elegir Medicard, tienes la opci\u00f3n de completar tus tratamientos sin tener que pagar el importe total por adelantado. <\/p>\n<ul>\n<li><strong>Creada en 1996, Medicard es<\/strong> una empresa canadiense l\u00edder especializada en la financiaci\u00f3n de tratamientos m\u00e9dicos, que ofrece soluciones fiables y flexibles para hacer accesibles tus cuidados capilares.<\/li>\n<\/ul>\n<h2>\u00bfPor qu\u00e9 elegir la financiaci\u00f3n Medicard?<\/h2>\n<ul>\n<li>Acceso inmediato a los tratamientos: Empieza tus tratamientos capilares de inmediato, mientras escalonas tus pagos a lo largo de un periodo de tiempo que te convenga.<\/li>\n<li>Planes de pago flexibles: Elige un plan de pago mensual que se adapte a tu presupuesto, con opciones de reembolso de hasta 60 meses.<\/li>\n<li>Sin sorpresas: Medicard ofrece tipos de inter\u00e9s competitivos y no hay cargos ocultos ni elevados pagos por adelantado.<\/li>\n<li>Facilidad de aprobaci\u00f3n: El proceso de solicitud es sencillo y r\u00e1pido, y la mayor\u00eda de los pacientes son aprobados en cuesti\u00f3n de minutos.<\/li>\n<\/ul>\n<h2>\u00bfC\u00f3mo funciona?<\/h2>\n<p>Elige tu cuidado capilar: <a href=\"https:\/\/myla-bella.com\/es\/nuestra-lista-de-precios\/\">Selecciona el tratamiento que mejor se adapte a tus necesidades.<\/a> Solicitud de financiaci\u00f3n: Presenta tu solicitud de financiaci\u00f3n en l\u00ednea o por tel\u00e9fono a trav\u00e9s de<a href=\"https:\/\/maps.app.goo.gl\/28wWU7uUiwfDbdGDA\" target=\"_blank\" rel=\"nofollow noopener\"><strong>Medicard<\/strong><\/a><\/p>\n<p>Aprobaci\u00f3n r\u00e1pida: Una vez aprobada tu solicitud, Medicard paga directamente tu tratamiento, y t\u00fa empiezas a hacer pagos mensuales seg\u00fan el plan que hayas elegido. Disfruta de tus resultados: C\u00e9ntrate en tu bienestar y en los resultados de tu cabello, mientras Medicard se encarga de los pagos.<\/p>\n<p><img decoding=\"async\" class=\"alignnone wp-image-37637\" src=\"https:\/\/myla-bella.com\/wp-content\/uploads\/2024\/09\/medicard-partenaire-de-myla-bella-1024x674.jpg\" alt=\"\" width=\"900\" height=\"593\" srcset=\"https:\/\/myla-bella.com\/wp-content\/uploads\/2024\/09\/medicard-partenaire-de-myla-bella-1024x674.jpg 1024w, https:\/\/myla-bella.com\/wp-content\/uploads\/2024\/09\/medicard-partenaire-de-myla-bella-300x198.jpg 300w, https:\/\/myla-bella.com\/wp-content\/uploads\/2024\/09\/medicard-partenaire-de-myla-bella-768x506.jpg 768w, https:\/\/myla-bella.com\/wp-content\/uploads\/2024\/09\/medicard-partenaire-de-myla-bella.jpg 1200w\" sizes=\"(max-width: 900px) 100vw, 900px\" \/><\/p>\n<h2>\u00bfQui\u00e9n puede optar a la financiaci\u00f3n?<\/h2>\n<p>La financiaci\u00f3n a trav\u00e9s de Medicard est\u00e1 disponible para cualquier persona residente en Canad\u00e1 con un buen historial crediticio. Tanto si te interesan <a href=\"https:\/\/myla-bella.com\/es\/tratamiento-prp\/\">los tratamientos con PRP<\/a> (plasma rico en plaquetas) como cualquier otra forma de cuidado capilar, Medicard est\u00e1 aqu\u00ed para ayudarte durante el proceso. <\/p>\n<h2>\u00bfC\u00f3mo me inscribo?<\/h2>\n<ul>\n<li>Online: Visita la p\u00e1gina web de <a href=\"https:\/\/apply.medicard.com\/\" target=\"_blank\" rel=\"nofollow noopener\"><strong>Medicard<\/strong><\/a> y rellena el formulario de solicitud.<\/li>\n<li>Por tel\u00e9fono: Llama a su servicio de atenci\u00f3n al cliente al <a class=\"dark-text\" href=\"tel:18886899876\">1-888-689-9876<\/a>.<\/li>\n<li>Nuestro equipo tambi\u00e9n est\u00e1 disponible para guiarte en cada paso del proceso y asegurarse de que obtienes el plan de financiaci\u00f3n m\u00e1s adecuado para ti.<\/li>\n<\/ul>\n<p>Si tienes alguna pregunta sobre nuestros productos para el cuidado del cabello o sobre las opciones de financiaci\u00f3n disponibles a trav\u00e9s de Medicard, <a href=\"https:\/\/myla-bella.com\/es\/contacta-con-nosotros\/\"><strong>no dudes en ponerte en contacto con nosotros<\/strong><\/a>. Estaremos encantados de ayudarte a encontrar la mejor soluci\u00f3n para ti. <\/p>\n\t\t\t\t\t\t\t\t<\/div>\n\t\t\t\t<\/div>\n\t\t\t\t\t<\/div>\n\t\t<\/div>\n\t\t\t\t\t<\/div>\n\t\t<\/section>\n\t\t\t\t<section class=\"elementor-section elementor-top-section elementor-element elementor-element-5230839 elementor-section-boxed elementor-section-height-default elementor-section-height-default\" data-id=\"5230839\" data-element_type=\"section\" data-e-type=\"section\">\n\t\t\t\t\t\t<div class=\"elementor-container elementor-column-gap-default\">\n\t\t\t\t\t<div class=\"elementor-column elementor-col-100 elementor-top-column elementor-element elementor-element-d3157a7\" data-id=\"d3157a7\" data-element_type=\"column\" data-e-type=\"column\">\n\t\t\t<div class=\"elementor-widget-wrap elementor-element-populated\">\n\t\t\t\t\t\t<div class=\"elementor-element elementor-element-9ae5f63 elementor-widget elementor-widget-text-editor\" data-id=\"9ae5f63\" data-element_type=\"widget\" data-e-type=\"widget\" data-widget_type=\"text-editor.default\">\n\t\t\t\t<div class=\"elementor-widget-container\">\n\t\t\t\t\t\t\t\t\t<p>\t\t<div data-elementor-type=\"section\" data-elementor-id=\"34791\" class=\"elementor elementor-34791 elementor-32429\" data-elementor-post-type=\"elementor_library\">\n\t\t\t\t\t<section class=\"elementor-section elementor-top-section elementor-element elementor-element-fa594da elementor-section-boxed elementor-section-height-default elementor-section-height-default\" data-id=\"fa594da\" data-element_type=\"section\" data-e-type=\"section\">\n\t\t\t\t\t\t<div class=\"elementor-container elementor-column-gap-default\">\n\t\t\t\t\t<div class=\"elementor-column elementor-col-100 elementor-top-column elementor-element elementor-element-0bcb975\" data-id=\"0bcb975\" data-element_type=\"column\" data-e-type=\"column\">\n\t\t\t<div class=\"elementor-widget-wrap elementor-element-populated\">\n\t\t\t\t\t\t<div class=\"elementor-element elementor-element-6e62653 elementor-widget elementor-widget-spacer\" data-id=\"6e62653\" data-element_type=\"widget\" data-e-type=\"widget\" data-widget_type=\"spacer.default\">\n\t\t\t\t<div class=\"elementor-widget-container\">\n\t\t\t\t\t\t\t<div class=\"elementor-spacer\">\n\t\t\t<div class=\"elementor-spacer-inner\"><\/div>\n\t\t<\/div>\n\t\t\t\t\t\t<\/div>\n\t\t\t\t<\/div>\n\t\t\t\t<div class=\"elementor-element elementor-element-721c462 elementor-align-center elementor-invisible elementor-widget elementor-widget-button\" data-id=\"721c462\" data-element_type=\"widget\" data-e-type=\"widget\" data-settings=\"{&quot;_animation&quot;:&quot;fadeInDown&quot;}\" data-widget_type=\"button.default\">\n\t\t\t\t<div class=\"elementor-widget-container\">\n\t\t\t\t\t\t\t\t\t<div class=\"elementor-button-wrapper\">\n\t\t\t\t\t<a class=\"elementor-button elementor-button-link elementor-size-sm\" href=\"https:\/\/myla-bella.com\/fresha\" target=\"_blank\" rel=\"nofollow\">\n\t\t\t\t\t\t<span class=\"elementor-button-content-wrapper\">\n\t\t\t\t\t\t\t\t\t<span class=\"elementor-button-text\">Recupera el control de tu cabello<\/span>\n\t\t\t\t\t<\/span>\n\t\t\t\t\t<\/a>\n\t\t\t\t<\/div>\n\t\t\t\t\t\t\t\t<\/div>\n\t\t\t\t<\/div>\n\t\t\t\t<div class=\"elementor-element elementor-element-4196e8b elementor-widget elementor-widget-spacer\" data-id=\"4196e8b\" data-element_type=\"widget\" data-e-type=\"widget\" data-widget_type=\"spacer.default\">\n\t\t\t\t<div class=\"elementor-widget-container\">\n\t\t\t\t\t\t\t<div class=\"elementor-spacer\">\n\t\t\t<div class=\"elementor-spacer-inner\"><\/div>\n\t\t<\/div>\n\t\t\t\t\t\t<\/div>\n\t\t\t\t<\/div>\n\t\t\t\t<div class=\"elementor-element elementor-element-ac64b93 elementor-cta--skin-classic elementor-animated-content elementor-bg-transform elementor-bg-transform-zoom-in elementor-widget elementor-widget-call-to-action\" data-id=\"ac64b93\" data-element_type=\"widget\" data-e-type=\"widget\" data-widget_type=\"call-to-action.default\">\n\t\t\t\t<div class=\"elementor-widget-container\">\n\t\t\t\t\t\t\t<a class=\"elementor-cta\" href=\"https:\/\/myla-bella.com\/calendly\" target=\"_blank\" rel=\"nofollow\">\n\t\t\t\t\t<div class=\"elementor-cta__bg-wrapper\">\n\t\t\t\t<div class=\"elementor-cta__bg elementor-bg\" style=\"background-image: url(https:\/\/myla-bella.com\/wp-content\/uploads\/2024\/05\/cheveux-av-ap-femme__1016.webp);\" role=\"img\" aria-label=\"antes y despu\u00e9s\"><\/div>\n\t\t\t\t<div class=\"elementor-cta__bg-overlay\"><\/div>\n\t\t\t<\/div>\n\t\t\t\t\t\t\t<div class=\"elementor-cta__content\">\n\t\t\t\t\n\t\t\t\t\t\t\t\t\t<div class=\"elementor-cta__title elementor-cta__content-item elementor-content-item\">\n\t\t\t\t\t\t  Reserva AHORA tu consulta GRATUITA\t\t\t\t\t<\/div>\n\t\t\t\t\n\t\t\t\t\t\t\t\t\t<div class=\"elementor-cta__description elementor-cta__content-item elementor-content-item\">\n\t\t\t\t\t\t<p>Consigue un 15% de DESCUENTO en tus tratamientos por tiempo limitado*.<\/p>\n\t\t\t\t\t<\/div>\n\t\t\t\t\n\t\t\t\t\t\t\t\t\t<div class=\"elementor-cta__button-wrapper elementor-cta__content-item elementor-content-item \">\n\t\t\t\t\t<span class=\"elementor-cta__button elementor-button elementor-size-\">\n\t\t\t\t\t\tReserva tu consulta\t\t\t\t\t<\/span>\n\t\t\t\t\t<\/div>\n\t\t\t\t\t\t\t<\/div>\n\t\t\t\t\t\t<\/a>\n\t\t\t\t\t\t<\/div>\n\t\t\t\t<\/div>\n\t\t\t\t<div class=\"elementor-element elementor-element-eea72e0 elementor-widget elementor-widget-spacer\" data-id=\"eea72e0\" data-element_type=\"widget\" data-e-type=\"widget\" data-widget_type=\"spacer.default\">\n\t\t\t\t<div class=\"elementor-widget-container\">\n\t\t\t\t\t\t\t<div class=\"elementor-spacer\">\n\t\t\t<div class=\"elementor-spacer-inner\"><\/div>\n\t\t<\/div>\n\t\t\t\t\t\t<\/div>\n\t\t\t\t<\/div>\n\t\t\t\t\t<\/div>\n\t\t<\/div>\n\t\t\t\t\t<\/div>\n\t\t<\/section>\n\t\t\t\t<\/div>\n\t\t<\/p>\n\t\t\t\t\t\t\t\t<\/div>\n\t\t\t\t<\/div>\n\t\t\t\t\t<\/div>\n\t\t<\/div>\n\t\t\t\t\t<\/div>\n\t\t<\/section>\n\t\t\t\t<section class=\"elementor-section elementor-top-section elementor-element elementor-element-94523a6 elementor-section-boxed elementor-section-height-default elementor-section-height-default\" data-id=\"94523a6\" data-element_type=\"section\" data-e-type=\"section\">\n\t\t\t\t\t\t<div class=\"elementor-container elementor-column-gap-default\">\n\t\t\t\t\t<div class=\"elementor-column elementor-col-100 elementor-top-column elementor-element elementor-element-5f83a33\" data-id=\"5f83a33\" data-element_type=\"column\" data-e-type=\"column\">\n\t\t\t<div class=\"elementor-widget-wrap elementor-element-populated\">\n\t\t\t\t\t\t<div class=\"elementor-element elementor-element-be2004e elementor-widget elementor-widget-html\" data-id=\"be2004e\" data-element_type=\"widget\" data-e-type=\"widget\" data-widget_type=\"html.default\">\n\t\t\t\t<div class=\"elementor-widget-container\">\n\t\t\t\t\t<body leftmargin=\"0\" topmargin=\"0\" marginwidth=\"0\" marginheight=\"0\"scroll=\"no\" oncontextmenu=\"return false\" ondragstart=\"return false\" onselectstart=\"return false\">\t\t\t\t<\/div>\n\t\t\t\t<\/div>\n\t\t\t\t\t<\/div>\n\t\t<\/div>\n\t\t\t\t\t<\/div>\n\t\t<\/section>\n\t\t\t\t<\/div>\n\t\t","protected":false},"excerpt":{"rendered":"<p>Entendemos que la ca\u00edda del cabello puede ser una gran preocupaci\u00f3n para muchas personas. Creemos que todo el mundo merece tener acceso a soluciones capilares de calidad sin verse limitado por restricciones econ\u00f3micas. Por eso nos hemos asociado con Medicard, una empresa canadiense de confianza, para ofrecerte opciones de financiaci\u00f3n flexibles y adaptadas a tus &#8230; <a title=\"Consigue cuidados capilares con la financiaci\u00f3n de Medicard\" class=\"read-more\" href=\"https:\/\/myla-bella.com\/es\/cuidado-del-cabello-medicard\" aria-label=\"Leer m\u00e1s sobre Consigue cuidados capilares con la financiaci\u00f3n de Medicard\">Read more<\/a><\/p>\n","protected":false},"author":2,"featured_media":37620,"parent":0,"menu_order":0,"comment_status":"closed","ping_status":"closed","template":"elementor_header_footer","meta":{"footnotes":""},"class_list":{"0":"post-38232","1":"page","2":"type-page","3":"status-publish","4":"has-post-thumbnail","6":"no-featured-image-padding"},"_links":{"self":[{"href":"https:\/\/myla-bella.com\/es\/wp-json\/wp\/v2\/pages\/38232","targetHints":{"allow":["GET"]}}],"collection":[{"href":"https:\/\/myla-bella.com\/es\/wp-json\/wp\/v2\/pages"}],"about":[{"href":"https:\/\/myla-bella.com\/es\/wp-json\/wp\/v2\/types\/page"}],"author":[{"embeddable":true,"href":"https:\/\/myla-bella.com\/es\/wp-json\/wp\/v2\/users\/2"}],"replies":[{"embeddable":true,"href":"https:\/\/myla-bella.com\/es\/wp-json\/wp\/v2\/comments?post=38232"}],"version-history":[{"count":0,"href":"https:\/\/myla-bella.com\/es\/wp-json\/wp\/v2\/pages\/38232\/revisions"}],"wp:featuredmedia":[{"embeddable":true,"href":"https:\/\/myla-bella.com\/es\/wp-json\/wp\/v2\/media\/37620"}],"wp:attachment":[{"href":"https:\/\/myla-bella.com\/es\/wp-json\/wp\/v2\/media?parent=38232"}],"curies":[{"name":"wp","href":"https:\/\/api.w.org\/{rel}","templated":true}]}}